{"id":611,"date":"2020-07-16T23:45:53","date_gmt":"2020-07-16T23:45:53","guid":{"rendered":"https:\/\/santiherrera.com\/?page_id=611"},"modified":"2025-11-10T14:22:29","modified_gmt":"2025-11-10T14:22:29","slug":"cupon-ama","status":"publish","type":"page","link":"https:\/\/amatucuerpo-uy.com\/index.php\/cupon-ama\/","title":{"rendered":"Cup\u00f3n Ama Tu Cuerpo"},"content":{"rendered":"\t\t<div data-elementor-type=\"wp-page\" data-elementor-id=\"611\" class=\"elementor elementor-611\">\n\t\t\t\t\t\t<section class=\"elementor-section elementor-top-section elementor-element elementor-element-12b22494 elementor-section-stretched elementor-section-full_width elementor-section-height-min-height elementor-section-height-default elementor-section-items-middle\" data-id=\"12b22494\" data-element_type=\"section\" data-settings=\"{&quot;stretch_section&quot;:&quot;section-stretched&quot;,&quot;background_background&quot;:&quot;classic&quot;}\">\n\t\t\t\t\t\t\t<div class=\"elementor-background-overlay\"><\/div>\n\t\t\t\t\t\t\t<div class=\"elementor-container elementor-column-gap-default\">\n\t\t\t\t\t<div class=\"elementor-column elementor-col-33 elementor-top-column elementor-element elementor-element-15bbc7d5\" data-id=\"15bbc7d5\" data-element_type=\"column\">\n\t\t\t<div class=\"elementor-widget-wrap\">\n\t\t\t\t\t\t\t<\/div>\n\t\t<\/div>\n\t\t\t\t<div class=\"elementor-column elementor-col-33 elementor-top-column elementor-element elementor-element-38c03db8\" data-id=\"38c03db8\" data-element_type=\"column\" data-settings=\"{&quot;background_background&quot;:&quot;classic&quot;}\">\n\t\t\t<div class=\"elementor-widget-wrap elementor-element-populated\">\n\t\t\t\t\t\t<div class=\"elementor-element elementor-element-7f7f4f0e elementor-widget elementor-widget-spacer\" data-id=\"7f7f4f0e\" data-element_type=\"widget\" data-widget_type=\"spacer.default\">\n\t\t\t\t\t\t\t<div class=\"elementor-spacer\">\n\t\t\t<div class=\"elementor-spacer-inner\"><\/div>\n\t\t<\/div>\n\t\t\t\t\t\t<\/div>\n\t\t\t\t<div class=\"elementor-element elementor-element-165092f2 elementor-widget elementor-widget-heading\" data-id=\"165092f2\" data-element_type=\"widget\" data-widget_type=\"heading.default\">\n\t\t\t\t\t<h2 class=\"elementor-heading-title elementor-size-default\">Adquir\u00ed Ahora el cup\u00f3n de <b>45% de<\/b> <b>DESCUENTO <\/b>en lipo sin cirug\u00eda.<\/h2>\t\t\t\t<\/div>\n\t\t\t\t<div class=\"elementor-element elementor-element-2be3dc98 elementor-widget elementor-widget-text-editor\" data-id=\"2be3dc98\" data-element_type=\"widget\" data-widget_type=\"text-editor.default\">\n\t\t\t\t\t\t\t\t\t<div data-block=\"true\" data-editor=\"c948j\" data-offset-key=\"d8o0n-0-0\"><div style=\"text-align: center;\" data-offset-key=\"d8o0n-0-0\"><div data-offset-key=\"d8o0n-0-0\"><span style=\"letter-spacing: -0.1px;\">\ud83d\udc96\u00a0<\/span><span style=\"letter-spacing: -0.1px;\">Ama tu cuerpo regala 10 cupones de decuento en <b>Criolip\u00f3lisis a las primeras personas en acceder a esta promo.<\/b><\/span><\/div><\/div><\/div>\t\t\t\t\t\t\t\t<\/div>\n\t\t\t\t<div class=\"elementor-element elementor-element-1a03031 elementor-widget elementor-widget-spacer\" data-id=\"1a03031\" data-element_type=\"widget\" data-widget_type=\"spacer.default\">\n\t\t\t\t\t\t\t<div class=\"elementor-spacer\">\n\t\t\t<div class=\"elementor-spacer-inner\"><\/div>\n\t\t<\/div>\n\t\t\t\t\t\t<\/div>\n\t\t\t\t<div class=\"elementor-element elementor-element-63ac435 elementor-widget elementor-widget-text-editor\" data-id=\"63ac435\" data-element_type=\"widget\" data-widget_type=\"text-editor.default\">\n\t\t\t\t\t\t\t\t\t<div data-block=\"true\" data-editor=\"c948j\" data-offset-key=\"d8o0n-0-0\"><div style=\"text-align: left;\" data-offset-key=\"d8o0n-0-0\"><div data-offset-key=\"d8o0n-0-0\"><span style=\"background-color: #ffffff; font-family: 'Google Sans', Arial, sans-serif; font-size: 16px; letter-spacing: normal;\">\u2705<\/span><span style=\"letter-spacing: -0.1px;\">\u00a0Resultados visibles <b>desde la primera sesi\u00f3n<\/b><\/span><\/div><div data-offset-key=\"d8o0n-0-0\"><span style=\"background-color: #ffffff; font-family: 'Google Sans', Arial, sans-serif; font-size: 16px; letter-spacing: normal;\">\u2705<\/span>\u00a0Tratamiento <b>sin dolor, no invasivo y 100% seguro<\/b><\/div><div data-offset-key=\"d8o0n-0-0\"><span style=\"background-color: #ffffff; font-family: 'Google Sans', Arial, sans-serif; font-size: 16px; letter-spacing: normal;\">\u2705<\/span><span style=\"letter-spacing: -0.1px;\">\u00a0Ideal para abdomen, flancos, muslos, brazos, espalda y m\u00e1s<\/span><\/div><div data-offset-key=\"d8o0n-0-0\"><span style=\"background-color: #ffffff; font-family: 'Google Sans', Arial, sans-serif; font-size: 16px; letter-spacing: normal;\">\u2705<\/span>\u00a0Realizado por <b>profesionales\u00a0de la salud<\/b>.<\/div><\/div><\/div>\t\t\t\t\t\t\t\t<\/div>\n\t\t\t\t<div class=\"elementor-element elementor-element-0258fbe elementor-widget-divider--view-line elementor-widget elementor-widget-divider\" data-id=\"0258fbe\" data-element_type=\"widget\" data-widget_type=\"divider.default\">\n\t\t\t\t\t\t\t<div class=\"elementor-divider\">\n\t\t\t<span class=\"elementor-divider-separator\">\n\t\t\t\t\t\t<\/span>\n\t\t<\/div>\n\t\t\t\t\t\t<\/div>\n\t\t\t\t<div class=\"elementor-element elementor-element-9105fd9 elementor-widget elementor-widget-text-editor\" data-id=\"9105fd9\" data-element_type=\"widget\" data-widget_type=\"text-editor.default\">\n\t\t\t\t\t\t\t\t\t<div data-block=\"true\" data-editor=\"c948j\" data-offset-key=\"d8o0n-0-0\"><div style=\"text-align: center;\" data-offset-key=\"d8o0n-0-0\"><div data-offset-key=\"d8o0n-0-0\"><span style=\"letter-spacing: -0.1px;\">\ud83c\udf38\u00a0<\/span><span style=\"letter-spacing: -0.1px;\">\u00a1Tambi\u00e9n puedes pagar con hasta 12 cuotas sin inter\u00e9s!<\/span><\/div><\/div><\/div><div data-block=\"true\" data-editor=\"c948j\" data-offset-key=\"4s74p-0-0\"><div style=\"text-align: center;\" data-offset-key=\"4s74p-0-0\"><span data-offset-key=\"4s74p-0-0\">\u00a0<\/span><\/div><\/div><div style=\"text-align: center;\" data-offset-key=\"4s74p-0-0\"><em>Esta oferta terminar\u00e1 pronto<\/em><\/div>\t\t\t\t\t\t\t\t<\/div>\n\t\t\t\t<div class=\"elementor-element elementor-element-5398641 elementor-widget elementor-widget-countdown\" data-id=\"5398641\" data-element_type=\"widget\" data-widget_type=\"countdown.default\">\n\t\t\t\t<div class=\"elementor-widget-container\">\n\t\t\t\t\t \t\t\t\t<\/div>\n\t\t\t\t<\/div>\n\t\t\t\t<div class=\"elementor-element elementor-element-2d62f186 elementor-align-center elementor-widget elementor-widget-button\" data-id=\"2d62f186\" data-element_type=\"widget\" data-widget_type=\"button.default\">\n\t\t\t\t\t\t\t\t\t\t<a class=\"elementor-button elementor-button-link elementor-size-sm\" href=\"https:\/\/amatucuerpo-uy.com\/index.php\/gracias\/\">\n\t\t\t\t\t\t<span class=\"elementor-button-content-wrapper\">\n\t\t\t\t\t\t\t\t\t<span class=\"elementor-button-text\">\u00a1Obtener cup\u00f3n!<\/span>\n\t\t\t\t\t<\/span>\n\t\t\t\t\t<\/a>\n\t\t\t\t\t\t\t\t<\/div>\n\t\t\t\t<div class=\"elementor-element elementor-element-5bb79528 elementor-widget elementor-widget-text-editor\" data-id=\"5bb79528\" data-element_type=\"widget\" data-widget_type=\"text-editor.default\">\n\t\t\t\t\t\t\t\t\t<p>Sitio 100% Seguro, nunca compartiremos tus datos con terceros<\/p>\t\t\t\t\t\t\t\t<\/div>\n\t\t\t\t<div class=\"elementor-element elementor-element-1b636f42 elementor-widget elementor-widget-spacer\" data-id=\"1b636f42\" data-element_type=\"widget\" data-widget_type=\"spacer.default\">\n\t\t\t\t\t\t\t<div class=\"elementor-spacer\">\n\t\t\t<div class=\"elementor-spacer-inner\"><\/div>\n\t\t<\/div>\n\t\t\t\t\t\t<\/div>\n\t\t\t\t\t<\/div>\n\t\t<\/div>\n\t\t\t\t<div class=\"elementor-column elementor-col-33 elementor-top-column elementor-element elementor-element-789d72a1\" data-id=\"789d72a1\" data-element_type=\"column\">\n\t\t\t<div class=\"elementor-widget-wrap elementor-element-populated\">\n\t\t\t\t\t\t<div class=\"elementor-element elementor-element-24fd491 elementor-widget elementor-widget-spacer\" data-id=\"24fd491\" data-element_type=\"widget\" data-widget_type=\"spacer.default\">\n\t\t\t\t\t\t\t<div class=\"elementor-spacer\">\n\t\t\t<div class=\"elementor-spacer-inner\"><\/div>\n\t\t<\/div>\n\t\t\t\t\t\t<\/div>\n\t\t\t\t\t<\/div>\n\t\t<\/div>\n\t\t\t\t\t<\/div>\n\t\t<\/section>\n\t\t\t\t<\/div>\n\t\t","protected":false},"excerpt":{"rendered":"<p>Adquir\u00ed Ahora el cup\u00f3n de 45% de DESCUENTO en lipo sin cirug\u00eda. \ud83d\udc96\u00a0Ama tu cuerpo regala 10 cupones de decuento en Criolip\u00f3lisis a las primeras personas en acceder a esta promo. \u2705\u00a0Resultados visibles desde la primera sesi\u00f3n\u2705\u00a0Tratamiento sin dolor, no invasivo y 100% seguro\u2705\u00a0Ideal para abdomen, flancos, muslos, brazos, espalda y m\u00e1s\u2705\u00a0Realizado por profesionales\u00a0de la [&hellip;]<\/p>\n","protected":false},"author":1,"featured_media":626,"parent":0,"menu_order":0,"comment_status":"closed","ping_status":"closed","template":"elementor_canvas","meta":{"footnotes":""},"class_list":["post-611","page","type-page","status-publish","has-post-thumbnail","hentry"],"_links":{"self":[{"href":"https:\/\/amatucuerpo-uy.com\/index.php\/wp-json\/wp\/v2\/pages\/611","targetHints":{"allow":["GET"]}}],"collection":[{"href":"https:\/\/amatucuerpo-uy.com\/index.php\/wp-json\/wp\/v2\/pages"}],"about":[{"href":"https:\/\/amatucuerpo-uy.com\/index.php\/wp-json\/wp\/v2\/types\/page"}],"author":[{"embeddable":true,"href":"https:\/\/amatucuerpo-uy.com\/index.php\/wp-json\/wp\/v2\/users\/1"}],"replies":[{"embeddable":true,"href":"https:\/\/amatucuerpo-uy.com\/index.php\/wp-json\/wp\/v2\/comments?post=611"}],"version-history":[{"count":29,"href":"https:\/\/amatucuerpo-uy.com\/index.php\/wp-json\/wp\/v2\/pages\/611\/revisions"}],"predecessor-version":[{"id":660,"href":"https:\/\/amatucuerpo-uy.com\/index.php\/wp-json\/wp\/v2\/pages\/611\/revisions\/660"}],"wp:featuredmedia":[{"embeddable":true,"href":"https:\/\/amatucuerpo-uy.com\/index.php\/wp-json\/wp\/v2\/media\/626"}],"wp:attachment":[{"href":"https:\/\/amatucuerpo-uy.com\/index.php\/wp-json\/wp\/v2\/media?parent=611"}],"curies":[{"name":"wp","href":"https:\/\/api.w.org\/{rel}","templated":true}]}}